{"id":38453,"date":"2018-12-28T13:05:35","date_gmt":"2018-12-28T13:05:35","guid":{"rendered":"http:\/\/apisantos.com\/?post_type=product&#038;p=38453"},"modified":"2026-02-13T21:44:40","modified_gmt":"2026-02-13T21:44:40","slug":"mascara-fio","status":"publish","type":"product","link":"https:\/\/apisantos.com\/en\/loja-online\/apisantos\/equipamento\/mascara-fio\/","title":{"rendered":"M\u00e1scara simples com cord\u00e3o"},"content":{"rendered":"<p>M\u00e1scara simples com cord\u00e3o<\/p>\n<p>&nbsp;<\/p>\n<p><strong>EAN: 5600419220287<\/strong><\/p>\n<p>&nbsp;<\/p>\n<p style=\"text-align: left\"><em><strong>Tamanhos:\u00a0 \u00daNICO<\/strong><\/em><\/p>\n","protected":false},"excerpt":{"rendered":"<p>M\u00e1scara simples com cord\u00e3o &nbsp; EAN: 5600419220287 &nbsp; Tamanhos:\u00a0 \u00daNICO<\/p>\n","protected":false},"featured_media":42066,"comment_status":"open","ping_status":"closed","template":"","meta":[],"product_brand":[],"product_cat":[214,219],"product_tag":[256,241],"class_list":{"0":"post-38453","1":"product","2":"type-product","3":"status-publish","4":"has-post-thumbnail","6":"product_cat-apisantos","7":"product_cat-equipamento","8":"product_tag-apisantos","9":"product_tag-equipamento","10":"description-off","12":"first","13":"instock","14":"taxable","15":"shipping-taxable","16":"purchasable","17":"product-type-simple"},"aioseo_notices":[],"_links":{"self":[{"href":"https:\/\/apisantos.com\/en\/wp-json\/wp\/v2\/product\/38453","targetHints":{"allow":["GET"]}}],"collection":[{"href":"https:\/\/apisantos.com\/en\/wp-json\/wp\/v2\/product"}],"about":[{"href":"https:\/\/apisantos.com\/en\/wp-json\/wp\/v2\/types\/product"}],"replies":[{"embeddable":true,"href":"https:\/\/apisantos.com\/en\/wp-json\/wp\/v2\/comments?post=38453"}],"wp:featuredmedia":[{"embeddable":true,"href":"https:\/\/apisantos.com\/en\/wp-json\/wp\/v2\/media\/42066"}],"wp:attachment":[{"href":"https:\/\/apisantos.com\/en\/wp-json\/wp\/v2\/media?parent=38453"}],"wp:term":[{"taxonomy":"product_brand","embeddable":true,"href":"https:\/\/apisantos.com\/en\/wp-json\/wp\/v2\/product_brand?post=38453"},{"taxonomy":"product_cat","embeddable":true,"href":"https:\/\/apisantos.com\/en\/wp-json\/wp\/v2\/product_cat?post=38453"},{"taxonomy":"product_tag","embeddable":true,"href":"https:\/\/apisantos.com\/en\/wp-json\/wp\/v2\/product_tag?post=38453"}],"curies":[{"name":"wp","href":"https:\/\/api.w.org\/{rel}","templated":true}]}}