{"id":38177,"date":"2018-12-27T17:36:17","date_gmt":"2018-12-27T17:36:17","guid":{"rendered":"http:\/\/apisantos.com\/?post_type=product&#038;p=38177"},"modified":"2026-02-13T21:52:31","modified_gmt":"2026-02-13T21:52:31","slug":"creme-rosa-mosqueta-50ml","status":"publish","type":"product","link":"https:\/\/apisantos.com\/en\/loja-online\/beeomel\/cremes\/creme-rosa-mosqueta-50ml\/","title":{"rendered":"Creme rosa mosqueta hidroprotetor FPS10 50ml"},"content":{"rendered":"<p>CREME ROSA MOSQUETA E CALENDULA HIDROPROTECTOR FPS10 50ML<\/p>\n<p>&nbsp;<\/p>\n<p><strong>EAN: 5600419240339<\/strong><\/p>\n<p>&nbsp;<\/p>\n<p>Creme que por seu conte\u00fado em \u00d3leo de Rosa Mosqueta regenera e revigora as c\u00e9lulas da pele sujeitas a desgaste ou deteriora\u00e7\u00e3o. A partir da primeira aplica\u00e7\u00e3o, a elasticidade perdida \u00e9 recuperada. Por seu conte\u00fado em \u00d3leo de Cal\u00eandula, fornece \u00e0 pele nutrientes naturais que a preservam das condi\u00e7\u00f5es atmosf\u00e9ricas, como vento, frio, sol, calor &#8230; evitando a desidrata\u00e7\u00e3o. Cont\u00e9m factor de protec\u00e7\u00e3o solar 10<\/p>\n","protected":false},"excerpt":{"rendered":"<p>CREME ROSA MOSQUETA E CALENDULA HIDROPROTECTOR FPS10 50ML &nbsp; EAN: 5600419240339 &nbsp; Creme que por seu conte\u00fado em \u00d3leo de Rosa Mosqueta regenera e revigora as c\u00e9lulas da pele sujeitas a desgaste ou deteriora\u00e7\u00e3o. A partir da primeira aplica\u00e7\u00e3o, a elasticidade perdida \u00e9 recuperada. Por seu conte\u00fado em \u00d3leo de Cal\u00eandula, fornece \u00e0 pele nutrientes&hellip;<\/p>\n","protected":false},"featured_media":41430,"comment_status":"open","ping_status":"closed","template":"","meta":[],"product_brand":[],"product_cat":[216,235],"product_tag":[256,272],"class_list":{"0":"post-38177","1":"product","2":"type-product","3":"status-publish","4":"has-post-thumbnail","6":"product_cat-beeomel","7":"product_cat-cremes","8":"product_tag-apisantos","9":"product_tag-cosmetica","10":"description-off","12":"first","13":"instock","14":"taxable","15":"shipping-taxable","16":"purchasable","17":"product-type-simple"},"aioseo_notices":[],"_links":{"self":[{"href":"https:\/\/apisantos.com\/en\/wp-json\/wp\/v2\/product\/38177","targetHints":{"allow":["GET"]}}],"collection":[{"href":"https:\/\/apisantos.com\/en\/wp-json\/wp\/v2\/product"}],"about":[{"href":"https:\/\/apisantos.com\/en\/wp-json\/wp\/v2\/types\/product"}],"replies":[{"embeddable":true,"href":"https:\/\/apisantos.com\/en\/wp-json\/wp\/v2\/comments?post=38177"}],"wp:featuredmedia":[{"embeddable":true,"href":"https:\/\/apisantos.com\/en\/wp-json\/wp\/v2\/media\/41430"}],"wp:attachment":[{"href":"https:\/\/apisantos.com\/en\/wp-json\/wp\/v2\/media?parent=38177"}],"wp:term":[{"taxonomy":"product_brand","embeddable":true,"href":"https:\/\/apisantos.com\/en\/wp-json\/wp\/v2\/product_brand?post=38177"},{"taxonomy":"product_cat","embeddable":true,"href":"https:\/\/apisantos.com\/en\/wp-json\/wp\/v2\/product_cat?post=38177"},{"taxonomy":"product_tag","embeddable":true,"href":"https:\/\/apisantos.com\/en\/wp-json\/wp\/v2\/product_tag?post=38177"}],"curies":[{"name":"wp","href":"https:\/\/api.w.org\/{rel}","templated":true}]}}