{"id":38175,"date":"2018-12-27T17:33:57","date_gmt":"2018-12-27T17:33:57","guid":{"rendered":"http:\/\/apisantos.com\/?post_type=product&#038;p=38175"},"modified":"2026-02-13T21:53:11","modified_gmt":"2026-02-13T21:53:11","slug":"creme-antirugas-veneno-60ml","status":"publish","type":"product","link":"https:\/\/apisantos.com\/en\/loja-online\/beeomel\/cremes\/creme-antirugas-veneno-60ml\/","title":{"rendered":"Creme anti rugas com mel e veneno de abelha 50ml"},"content":{"rendered":"<p>CREME ANTI RUGAS COM MEL E VENENO DE ABELHA 50ML<\/p>\n<p>&nbsp;<\/p>\n<p><strong>EAN: 5600419240377<\/strong><\/p>\n<p>&nbsp;<\/p>\n<p>Pele lisa, t\u00fargida e luminosa. Regenera e reafirma a pele em profundidade, estimulando a produ\u00e7\u00e3o de col\u00e1geno e elastina. Favorece a redu\u00e7\u00e3o progressiva das rugas e linhas finas. Indicado para pele seca e madura, pode ser usado tanto durante o dia como \u00e0 noite, massagando at\u00e9 que seja totalmente absorvido.<br \/>\nRecomenda-se realizar um teste de sensibilidade no antebra\u00e7o antes de usar o produto.<\/p>\n","protected":false},"excerpt":{"rendered":"<p>CREME ANTI RUGAS COM MEL E VENENO DE ABELHA 50ML &nbsp; EAN: 5600419240377 &nbsp; Pele lisa, t\u00fargida e luminosa. Regenera e reafirma a pele em profundidade, estimulando a produ\u00e7\u00e3o de col\u00e1geno e elastina. Favorece a redu\u00e7\u00e3o progressiva das rugas e linhas finas. Indicado para pele seca e madura, pode ser usado tanto durante o dia&hellip;<\/p>\n","protected":false},"featured_media":41442,"comment_status":"open","ping_status":"closed","template":"","meta":[],"product_brand":[],"product_cat":[216,235],"product_tag":[256,272],"class_list":{"0":"post-38175","1":"product","2":"type-product","3":"status-publish","4":"has-post-thumbnail","6":"product_cat-beeomel","7":"product_cat-cremes","8":"product_tag-apisantos","9":"product_tag-cosmetica","10":"description-off","12":"first","13":"instock","14":"taxable","15":"shipping-taxable","16":"purchasable","17":"product-type-simple"},"aioseo_notices":[],"_links":{"self":[{"href":"https:\/\/apisantos.com\/en\/wp-json\/wp\/v2\/product\/38175","targetHints":{"allow":["GET"]}}],"collection":[{"href":"https:\/\/apisantos.com\/en\/wp-json\/wp\/v2\/product"}],"about":[{"href":"https:\/\/apisantos.com\/en\/wp-json\/wp\/v2\/types\/product"}],"replies":[{"embeddable":true,"href":"https:\/\/apisantos.com\/en\/wp-json\/wp\/v2\/comments?post=38175"}],"wp:featuredmedia":[{"embeddable":true,"href":"https:\/\/apisantos.com\/en\/wp-json\/wp\/v2\/media\/41442"}],"wp:attachment":[{"href":"https:\/\/apisantos.com\/en\/wp-json\/wp\/v2\/media?parent=38175"}],"wp:term":[{"taxonomy":"product_brand","embeddable":true,"href":"https:\/\/apisantos.com\/en\/wp-json\/wp\/v2\/product_brand?post=38175"},{"taxonomy":"product_cat","embeddable":true,"href":"https:\/\/apisantos.com\/en\/wp-json\/wp\/v2\/product_cat?post=38175"},{"taxonomy":"product_tag","embeddable":true,"href":"https:\/\/apisantos.com\/en\/wp-json\/wp\/v2\/product_tag?post=38175"}],"curies":[{"name":"wp","href":"https:\/\/api.w.org\/{rel}","templated":true}]}}