{"id":38166,"date":"2018-12-27T17:08:04","date_gmt":"2018-12-27T17:08:04","guid":{"rendered":"http:\/\/apisantos.com\/?post_type=product&#038;p=38166"},"modified":"2026-02-13T21:54:15","modified_gmt":"2026-02-13T21:54:15","slug":"sabonete-rosa-mosqueta","status":"publish","type":"product","link":"https:\/\/apisantos.com\/en\/loja-online\/beeomel\/sabonetes\/sabonete-rosa-mosqueta\/","title":{"rendered":"Sabonete de mel com ROSA MOSQUETA 125g"},"content":{"rendered":"<p>SABONETE DE MEL COM ROSA MOSQUETA 100GR<\/p>\n<p>&nbsp;<\/p>\n<p><strong>EAN: 5600419240223<\/strong><\/p>\n<p>&nbsp;<\/p>\n<p>A rosa mosqueta cont\u00e9m \u00e1cido linoleico, oleico e araquid\u00f4nico, que s\u00e3o vitais para a defesa celular e renova\u00e7\u00e3o da pele. A ac\u00e7\u00e3o conjunta com glicerina torna este sab\u00e3o adequado para a pele desidratada, punida e com necessidade de regenera\u00e7\u00e3o.<\/p>\n","protected":false},"excerpt":{"rendered":"<p>SABONETE DE MEL COM ROSA MOSQUETA 100GR &nbsp; EAN: 5600419240223 &nbsp; A rosa mosqueta cont\u00e9m \u00e1cido linoleico, oleico e araquid\u00f4nico, que s\u00e3o vitais para a defesa celular e renova\u00e7\u00e3o da pele. A ac\u00e7\u00e3o conjunta com glicerina torna este sab\u00e3o adequado para a pele desidratada, punida e com necessidade de regenera\u00e7\u00e3o.<\/p>\n","protected":false},"featured_media":41414,"comment_status":"open","ping_status":"closed","template":"","meta":[],"product_brand":[],"product_cat":[216,236],"product_tag":[256,272],"class_list":{"0":"post-38166","1":"product","2":"type-product","3":"status-publish","4":"has-post-thumbnail","6":"product_cat-beeomel","7":"product_cat-sabonetes","8":"product_tag-apisantos","9":"product_tag-cosmetica","10":"description-off","12":"first","13":"instock","14":"taxable","15":"shipping-taxable","16":"purchasable","17":"product-type-simple"},"aioseo_notices":[],"_links":{"self":[{"href":"https:\/\/apisantos.com\/en\/wp-json\/wp\/v2\/product\/38166","targetHints":{"allow":["GET"]}}],"collection":[{"href":"https:\/\/apisantos.com\/en\/wp-json\/wp\/v2\/product"}],"about":[{"href":"https:\/\/apisantos.com\/en\/wp-json\/wp\/v2\/types\/product"}],"replies":[{"embeddable":true,"href":"https:\/\/apisantos.com\/en\/wp-json\/wp\/v2\/comments?post=38166"}],"wp:featuredmedia":[{"embeddable":true,"href":"https:\/\/apisantos.com\/en\/wp-json\/wp\/v2\/media\/41414"}],"wp:attachment":[{"href":"https:\/\/apisantos.com\/en\/wp-json\/wp\/v2\/media?parent=38166"}],"wp:term":[{"taxonomy":"product_brand","embeddable":true,"href":"https:\/\/apisantos.com\/en\/wp-json\/wp\/v2\/product_brand?post=38166"},{"taxonomy":"product_cat","embeddable":true,"href":"https:\/\/apisantos.com\/en\/wp-json\/wp\/v2\/product_cat?post=38166"},{"taxonomy":"product_tag","embeddable":true,"href":"https:\/\/apisantos.com\/en\/wp-json\/wp\/v2\/product_tag?post=38166"}],"curies":[{"name":"wp","href":"https:\/\/api.w.org\/{rel}","templated":true}]}}