{"id":38163,"date":"2018-12-27T17:02:02","date_gmt":"2018-12-27T17:02:02","guid":{"rendered":"http:\/\/apisantos.com\/?post_type=product&#038;p=38163"},"modified":"2026-02-13T21:55:07","modified_gmt":"2026-02-13T21:55:07","slug":"sabonete-aloevera","status":"publish","type":"product","link":"https:\/\/apisantos.com\/en\/loja-online\/beeomel\/sabonetes\/sabonete-aloevera\/","title":{"rendered":"Sabonete de mel com ALOE VERA 125g"},"content":{"rendered":"<p>SABONETE DE MEL COM ALOE VERA 100GR<\/p>\n<p>&nbsp;<\/p>\n<p><strong>EAN: 5600419240186<\/strong><\/p>\n<p>&nbsp;<\/p>\n<p>O sabonete de aloe vera \u00e9 especialmente adequado para peles delicadas, devido \u00e0s suas propriedades regeneradoras, suavizantes, anti inflamat\u00f3rias e curativas. Hidrata, protege e suaviza a pele.<\/p>\n","protected":false},"excerpt":{"rendered":"<p>SABONETE DE MEL COM ALOE VERA 100GR &nbsp; EAN: 5600419240186 &nbsp; O sabonete de aloe vera \u00e9 especialmente adequado para peles delicadas, devido \u00e0s suas propriedades regeneradoras, suavizantes, anti inflamat\u00f3rias e curativas. Hidrata, protege e suaviza a pele.<\/p>\n","protected":false},"featured_media":41406,"comment_status":"open","ping_status":"closed","template":"","meta":[],"product_brand":[],"product_cat":[216,236],"product_tag":[256,272],"class_list":{"0":"post-38163","1":"product","2":"type-product","3":"status-publish","4":"has-post-thumbnail","6":"product_cat-beeomel","7":"product_cat-sabonetes","8":"product_tag-apisantos","9":"product_tag-cosmetica","10":"description-off","12":"first","13":"instock","14":"taxable","15":"shipping-taxable","16":"purchasable","17":"product-type-simple"},"aioseo_notices":[],"_links":{"self":[{"href":"https:\/\/apisantos.com\/en\/wp-json\/wp\/v2\/product\/38163","targetHints":{"allow":["GET"]}}],"collection":[{"href":"https:\/\/apisantos.com\/en\/wp-json\/wp\/v2\/product"}],"about":[{"href":"https:\/\/apisantos.com\/en\/wp-json\/wp\/v2\/types\/product"}],"replies":[{"embeddable":true,"href":"https:\/\/apisantos.com\/en\/wp-json\/wp\/v2\/comments?post=38163"}],"wp:featuredmedia":[{"embeddable":true,"href":"https:\/\/apisantos.com\/en\/wp-json\/wp\/v2\/media\/41406"}],"wp:attachment":[{"href":"https:\/\/apisantos.com\/en\/wp-json\/wp\/v2\/media?parent=38163"}],"wp:term":[{"taxonomy":"product_brand","embeddable":true,"href":"https:\/\/apisantos.com\/en\/wp-json\/wp\/v2\/product_brand?post=38163"},{"taxonomy":"product_cat","embeddable":true,"href":"https:\/\/apisantos.com\/en\/wp-json\/wp\/v2\/product_cat?post=38163"},{"taxonomy":"product_tag","embeddable":true,"href":"https:\/\/apisantos.com\/en\/wp-json\/wp\/v2\/product_tag?post=38163"}],"curies":[{"name":"wp","href":"https:\/\/api.w.org\/{rel}","templated":true}]}}