{"id":38160,"date":"2018-12-27T16:45:59","date_gmt":"2018-12-27T16:45:59","guid":{"rendered":"http:\/\/apisantos.com\/?post_type=product&#038;p=38160"},"modified":"2026-02-13T21:55:21","modified_gmt":"2026-02-13T21:55:21","slug":"gel-relaxante-250ml","status":"publish","type":"product","link":"https:\/\/apisantos.com\/en\/loja-online\/beeomel\/outros-beeomel\/gel-relaxante-250ml\/","title":{"rendered":"Gel relaxante para pernas cansadas 250ml"},"content":{"rendered":"<p>GEL RELAXANTE PARA PERNAS CANSADAS 250ML<\/p>\n<p>&nbsp;<\/p>\n<p><strong>EAN: 5600419240322<\/strong><\/p>\n<p>&nbsp;<\/p>\n<p>Gel micro emulsionado que por sua composi\u00e7\u00e3o \u00e9 indicado como relaxante em todos os casos de fadiga muscular e at\u00e9 em casos de pernas cansadas. Diminui a temperatura da \u00e1rea tratada, acelerando a circula\u00e7\u00e3o sangu\u00ednea e arrastando a massa adiposa sup\u00e9rflua, reduzindo tamb\u00e9m o volume em \u00e1reas de ac\u00famulo de gordura, como barriga, coxas e n\u00e1degas.<\/p>\n","protected":false},"excerpt":{"rendered":"<p>GEL RELAXANTE PARA PERNAS CANSADAS 250ML &nbsp; EAN: 5600419240322 &nbsp; Gel micro emulsionado que por sua composi\u00e7\u00e3o \u00e9 indicado como relaxante em todos os casos de fadiga muscular e at\u00e9 em casos de pernas cansadas. Diminui a temperatura da \u00e1rea tratada, acelerando a circula\u00e7\u00e3o sangu\u00ednea e arrastando a massa adiposa sup\u00e9rflua, reduzindo tamb\u00e9m o volume&hellip;<\/p>\n","protected":false},"featured_media":41404,"comment_status":"open","ping_status":"closed","template":"","meta":[],"product_brand":[],"product_cat":[216,237],"product_tag":[256,272],"class_list":{"0":"post-38160","1":"product","2":"type-product","3":"status-publish","4":"has-post-thumbnail","6":"product_cat-beeomel","7":"product_cat-outros-beeomel","8":"product_tag-apisantos","9":"product_tag-cosmetica","10":"description-off","12":"first","13":"instock","14":"taxable","15":"shipping-taxable","16":"purchasable","17":"product-type-simple"},"aioseo_notices":[],"_links":{"self":[{"href":"https:\/\/apisantos.com\/en\/wp-json\/wp\/v2\/product\/38160","targetHints":{"allow":["GET"]}}],"collection":[{"href":"https:\/\/apisantos.com\/en\/wp-json\/wp\/v2\/product"}],"about":[{"href":"https:\/\/apisantos.com\/en\/wp-json\/wp\/v2\/types\/product"}],"replies":[{"embeddable":true,"href":"https:\/\/apisantos.com\/en\/wp-json\/wp\/v2\/comments?post=38160"}],"wp:featuredmedia":[{"embeddable":true,"href":"https:\/\/apisantos.com\/en\/wp-json\/wp\/v2\/media\/41404"}],"wp:attachment":[{"href":"https:\/\/apisantos.com\/en\/wp-json\/wp\/v2\/media?parent=38160"}],"wp:term":[{"taxonomy":"product_brand","embeddable":true,"href":"https:\/\/apisantos.com\/en\/wp-json\/wp\/v2\/product_brand?post=38160"},{"taxonomy":"product_cat","embeddable":true,"href":"https:\/\/apisantos.com\/en\/wp-json\/wp\/v2\/product_cat?post=38160"},{"taxonomy":"product_tag","embeddable":true,"href":"https:\/\/apisantos.com\/en\/wp-json\/wp\/v2\/product_tag?post=38160"}],"curies":[{"name":"wp","href":"https:\/\/api.w.org\/{rel}","templated":true}]}}