{"id":38159,"date":"2018-12-27T16:44:24","date_gmt":"2018-12-27T16:44:24","guid":{"rendered":"http:\/\/apisantos.com\/?post_type=product&#038;p=38159"},"modified":"2026-02-13T22:22:11","modified_gmt":"2026-02-13T22:22:11","slug":"gel-banho-geleia-real-800ml","status":"publish","type":"product","link":"https:\/\/apisantos.com\/en\/loja-online\/beeomel\/outros-beeomel\/gel-banho-geleia-real-800ml\/","title":{"rendered":"Gel de banho com geleia real 800ml"},"content":{"rendered":"<p>GEL DE BANHO COM MEL E GELEIA REAL 800ML<\/p>\n<p>&nbsp;<\/p>\n<p><strong>EAN: 5600419240292<\/strong><\/p>\n<p>&nbsp;<\/p>\n<p>O mel e a geleia real s\u00e3o produtos naturais segregados pelas abelhas e pela comida da rainha. Este gel \u00e9 especialmente recomendado para peles delicadas devido \u00e0s suas propriedades hidratantes e emolientes<\/p>\n","protected":false},"excerpt":{"rendered":"<p>GEL DE BANHO COM MEL E GELEIA REAL 800ML &nbsp; EAN: 5600419240292 &nbsp; O mel e a geleia real s\u00e3o produtos naturais segregados pelas abelhas e pela comida da rainha. Este gel \u00e9 especialmente recomendado para peles delicadas devido \u00e0s suas propriedades hidratantes e emolientes<\/p>\n","protected":false},"featured_media":41402,"comment_status":"open","ping_status":"closed","template":"","meta":[],"product_brand":[],"product_cat":[216,237],"product_tag":[256,272],"class_list":{"0":"post-38159","1":"product","2":"type-product","3":"status-publish","4":"has-post-thumbnail","6":"product_cat-beeomel","7":"product_cat-outros-beeomel","8":"product_tag-apisantos","9":"product_tag-cosmetica","10":"description-off","12":"first","13":"instock","14":"taxable","15":"shipping-taxable","16":"purchasable","17":"product-type-simple"},"aioseo_notices":[],"_links":{"self":[{"href":"https:\/\/apisantos.com\/en\/wp-json\/wp\/v2\/product\/38159","targetHints":{"allow":["GET"]}}],"collection":[{"href":"https:\/\/apisantos.com\/en\/wp-json\/wp\/v2\/product"}],"about":[{"href":"https:\/\/apisantos.com\/en\/wp-json\/wp\/v2\/types\/product"}],"replies":[{"embeddable":true,"href":"https:\/\/apisantos.com\/en\/wp-json\/wp\/v2\/comments?post=38159"}],"wp:featuredmedia":[{"embeddable":true,"href":"https:\/\/apisantos.com\/en\/wp-json\/wp\/v2\/media\/41402"}],"wp:attachment":[{"href":"https:\/\/apisantos.com\/en\/wp-json\/wp\/v2\/media?parent=38159"}],"wp:term":[{"taxonomy":"product_brand","embeddable":true,"href":"https:\/\/apisantos.com\/en\/wp-json\/wp\/v2\/product_brand?post=38159"},{"taxonomy":"product_cat","embeddable":true,"href":"https:\/\/apisantos.com\/en\/wp-json\/wp\/v2\/product_cat?post=38159"},{"taxonomy":"product_tag","embeddable":true,"href":"https:\/\/apisantos.com\/en\/wp-json\/wp\/v2\/product_tag?post=38159"}],"curies":[{"name":"wp","href":"https:\/\/api.w.org\/{rel}","templated":true}]}}