{"id":38157,"date":"2018-12-27T16:39:03","date_gmt":"2018-12-27T16:39:03","guid":{"rendered":"http:\/\/apisantos.com\/?post_type=product&#038;p=38157"},"modified":"2026-02-13T22:21:38","modified_gmt":"2026-02-13T22:21:38","slug":"leite-propolis-500ml","status":"publish","type":"product","link":"https:\/\/apisantos.com\/en\/loja-online\/beeomel\/outros-beeomel\/leite-propolis-500ml\/","title":{"rendered":"Leite corporal com pr\u00f3polis 500ml"},"content":{"rendered":"<p>LEITE CORPORAL COM PR\u00d3POLIS 500ML<\/p>\n<p>&nbsp;<\/p>\n<p><strong>EAN: 5600419240193<\/strong><\/p>\n<p>&nbsp;<\/p>\n<p>Emuls\u00e3o corporal extraordin\u00e1ria com efeito intensivo e imediato que hidrata, suaviza e protege a pele seca, cansada ou afectada por sabonetes ou gel de banho. Elimina irregularidades da camada superior da pele, dando-lhe uma apar\u00eancia suave e fresca. \u00c9 ideal quando a pele est\u00e1 descascando.<\/p>\n","protected":false},"excerpt":{"rendered":"<p>LEITE CORPORAL COM PR\u00d3POLIS 500ML &nbsp; EAN: 5600419240193 &nbsp; Emuls\u00e3o corporal extraordin\u00e1ria com efeito intensivo e imediato que hidrata, suaviza e protege a pele seca, cansada ou afectada por sabonetes ou gel de banho. Elimina irregularidades da camada superior da pele, dando-lhe uma apar\u00eancia suave e fresca. \u00c9 ideal quando a pele est\u00e1 descascando.<\/p>\n","protected":false},"featured_media":41398,"comment_status":"open","ping_status":"closed","template":"","meta":[],"product_brand":[],"product_cat":[216,237],"product_tag":[256,272],"class_list":{"0":"post-38157","1":"product","2":"type-product","3":"status-publish","4":"has-post-thumbnail","6":"product_cat-beeomel","7":"product_cat-outros-beeomel","8":"product_tag-apisantos","9":"product_tag-cosmetica","10":"description-off","12":"first","13":"instock","14":"taxable","15":"shipping-taxable","16":"purchasable","17":"product-type-simple"},"aioseo_notices":[],"_links":{"self":[{"href":"https:\/\/apisantos.com\/en\/wp-json\/wp\/v2\/product\/38157","targetHints":{"allow":["GET"]}}],"collection":[{"href":"https:\/\/apisantos.com\/en\/wp-json\/wp\/v2\/product"}],"about":[{"href":"https:\/\/apisantos.com\/en\/wp-json\/wp\/v2\/types\/product"}],"replies":[{"embeddable":true,"href":"https:\/\/apisantos.com\/en\/wp-json\/wp\/v2\/comments?post=38157"}],"wp:featuredmedia":[{"embeddable":true,"href":"https:\/\/apisantos.com\/en\/wp-json\/wp\/v2\/media\/41398"}],"wp:attachment":[{"href":"https:\/\/apisantos.com\/en\/wp-json\/wp\/v2\/media?parent=38157"}],"wp:term":[{"taxonomy":"product_brand","embeddable":true,"href":"https:\/\/apisantos.com\/en\/wp-json\/wp\/v2\/product_brand?post=38157"},{"taxonomy":"product_cat","embeddable":true,"href":"https:\/\/apisantos.com\/en\/wp-json\/wp\/v2\/product_cat?post=38157"},{"taxonomy":"product_tag","embeddable":true,"href":"https:\/\/apisantos.com\/en\/wp-json\/wp\/v2\/product_tag?post=38157"}],"curies":[{"name":"wp","href":"https:\/\/api.w.org\/{rel}","templated":true}]}}