{"id":38155,"date":"2018-12-27T16:34:39","date_gmt":"2018-12-27T16:34:39","guid":{"rendered":"http:\/\/apisantos.com\/?post_type=product&#038;p=38155"},"modified":"2026-02-13T21:56:27","modified_gmt":"2026-02-13T21:56:27","slug":"mascara-capilar-300ml","status":"publish","type":"product","link":"https:\/\/apisantos.com\/en\/loja-online\/beeomel\/outros-beeomel\/mascara-capilar-300ml\/","title":{"rendered":"M\u00e1scara capilar com pr\u00f3polis 300ml"},"content":{"rendered":"<p>M\u00c1SCARA CAPILAR COM PR\u00d3POLIS 300ML<\/p>\n<p>&nbsp;<\/p>\n<p><strong>EAN: 5600419240148<\/strong><\/p>\n<p>&nbsp;<\/p>\n<p>Nutrir e reparar o tratamento da fibra capilar desde as pontas at\u00e9 \u00e0 raiz, condiciona e fortalece dando o toque final no processo de limpeza e reparando poss\u00edveis pontas quebradas, conferindo-lhe todo o seu brilho, volume e vigor. Elimina a electricidade est\u00e1tica do penteado<\/p>\n","protected":false},"excerpt":{"rendered":"<p>M\u00c1SCARA CAPILAR COM PR\u00d3POLIS 300ML &nbsp; EAN: 5600419240148 &nbsp; Nutrir e reparar o tratamento da fibra capilar desde as pontas at\u00e9 \u00e0 raiz, condiciona e fortalece dando o toque final no processo de limpeza e reparando poss\u00edveis pontas quebradas, conferindo-lhe todo o seu brilho, volume e vigor. Elimina a electricidade est\u00e1tica do penteado<\/p>\n","protected":false},"featured_media":41390,"comment_status":"open","ping_status":"closed","template":"","meta":[],"product_brand":[],"product_cat":[216,237],"product_tag":[256,272],"class_list":{"0":"post-38155","1":"product","2":"type-product","3":"status-publish","4":"has-post-thumbnail","6":"product_cat-beeomel","7":"product_cat-outros-beeomel","8":"product_tag-apisantos","9":"product_tag-cosmetica","10":"description-off","12":"first","13":"instock","14":"taxable","15":"shipping-taxable","16":"purchasable","17":"product-type-simple"},"aioseo_notices":[],"_links":{"self":[{"href":"https:\/\/apisantos.com\/en\/wp-json\/wp\/v2\/product\/38155","targetHints":{"allow":["GET"]}}],"collection":[{"href":"https:\/\/apisantos.com\/en\/wp-json\/wp\/v2\/product"}],"about":[{"href":"https:\/\/apisantos.com\/en\/wp-json\/wp\/v2\/types\/product"}],"replies":[{"embeddable":true,"href":"https:\/\/apisantos.com\/en\/wp-json\/wp\/v2\/comments?post=38155"}],"wp:featuredmedia":[{"embeddable":true,"href":"https:\/\/apisantos.com\/en\/wp-json\/wp\/v2\/media\/41390"}],"wp:attachment":[{"href":"https:\/\/apisantos.com\/en\/wp-json\/wp\/v2\/media?parent=38155"}],"wp:term":[{"taxonomy":"product_brand","embeddable":true,"href":"https:\/\/apisantos.com\/en\/wp-json\/wp\/v2\/product_brand?post=38155"},{"taxonomy":"product_cat","embeddable":true,"href":"https:\/\/apisantos.com\/en\/wp-json\/wp\/v2\/product_cat?post=38155"},{"taxonomy":"product_tag","embeddable":true,"href":"https:\/\/apisantos.com\/en\/wp-json\/wp\/v2\/product_tag?post=38155"}],"curies":[{"name":"wp","href":"https:\/\/api.w.org\/{rel}","templated":true}]}}