{"id":38152,"date":"2018-12-27T16:27:38","date_gmt":"2018-12-27T16:27:38","guid":{"rendered":"http:\/\/apisantos.com\/?post_type=product&#038;p=38152"},"modified":"2026-02-13T21:57:40","modified_gmt":"2026-02-13T21:57:40","slug":"champo-gordura-400ml","status":"publish","type":"product","link":"https:\/\/apisantos.com\/en\/loja-online\/beeomel\/champo\/champo-gordura-400ml\/","title":{"rendered":"Champ\u00f4 de mel anti gordura 400ml"},"content":{"rendered":"<p>CHAMP\u00d4 DE MEL ANTI GORDURA 400ML<\/p>\n<p>&nbsp;<\/p>\n<p><strong>EAN: 5600419240100<\/strong><\/p>\n<p>&nbsp;<\/p>\n<p>Com mel e extractos vegetais de Saponaria e Green Lemon cont\u00e9m taninos com propriedades adstringentes com um efeito anti-seborreico imediato. Actua como redutor-regulador da secre\u00e7\u00e3o seb\u00e1cea deixando o cabelo limpo, el\u00e1stico e com todo o seu brilho natural. Controla a electricidade est\u00e1tica<\/p>\n","protected":false},"excerpt":{"rendered":"<p>CHAMP\u00d4 DE MEL ANTI GORDURA 400ML &nbsp; EAN: 5600419240100 &nbsp; Com mel e extractos vegetais de Saponaria e Green Lemon cont\u00e9m taninos com propriedades adstringentes com um efeito anti-seborreico imediato. Actua como redutor-regulador da secre\u00e7\u00e3o seb\u00e1cea deixando o cabelo limpo, el\u00e1stico e com todo o seu brilho natural. Controla a electricidade est\u00e1tica<\/p>\n","protected":false},"featured_media":41382,"comment_status":"open","ping_status":"closed","template":"","meta":[],"product_brand":[],"product_cat":[216,234],"product_tag":[256,272],"class_list":{"0":"post-38152","1":"product","2":"type-product","3":"status-publish","4":"has-post-thumbnail","6":"product_cat-beeomel","7":"product_cat-champo","8":"product_tag-apisantos","9":"product_tag-cosmetica","10":"description-off","12":"first","13":"instock","14":"taxable","15":"shipping-taxable","16":"purchasable","17":"product-type-simple"},"aioseo_notices":[],"_links":{"self":[{"href":"https:\/\/apisantos.com\/en\/wp-json\/wp\/v2\/product\/38152","targetHints":{"allow":["GET"]}}],"collection":[{"href":"https:\/\/apisantos.com\/en\/wp-json\/wp\/v2\/product"}],"about":[{"href":"https:\/\/apisantos.com\/en\/wp-json\/wp\/v2\/types\/product"}],"replies":[{"embeddable":true,"href":"https:\/\/apisantos.com\/en\/wp-json\/wp\/v2\/comments?post=38152"}],"wp:featuredmedia":[{"embeddable":true,"href":"https:\/\/apisantos.com\/en\/wp-json\/wp\/v2\/media\/41382"}],"wp:attachment":[{"href":"https:\/\/apisantos.com\/en\/wp-json\/wp\/v2\/media?parent=38152"}],"wp:term":[{"taxonomy":"product_brand","embeddable":true,"href":"https:\/\/apisantos.com\/en\/wp-json\/wp\/v2\/product_brand?post=38152"},{"taxonomy":"product_cat","embeddable":true,"href":"https:\/\/apisantos.com\/en\/wp-json\/wp\/v2\/product_cat?post=38152"},{"taxonomy":"product_tag","embeddable":true,"href":"https:\/\/apisantos.com\/en\/wp-json\/wp\/v2\/product_tag?post=38152"}],"curies":[{"name":"wp","href":"https:\/\/api.w.org\/{rel}","templated":true}]}}