{"id":38148,"date":"2018-12-27T16:16:35","date_gmt":"2018-12-27T16:16:35","guid":{"rendered":"http:\/\/apisantos.com\/?post_type=product&#038;p=38148"},"modified":"2026-02-13T21:58:51","modified_gmt":"2026-02-13T21:58:51","slug":"creme-caviar-50ml","status":"publish","type":"product","link":"https:\/\/apisantos.com\/en\/loja-online\/beeomel\/cremes\/creme-caviar-50ml\/","title":{"rendered":"Creme anti rugas com caviar 50ml"},"content":{"rendered":"<p>CREME ANTI RUGAS COM CAVIAR 50ML<\/p>\n<p>&nbsp;<\/p>\n<p><strong>EAN: 5600419240353<\/strong><\/p>\n<p>&nbsp;<\/p>\n<p>F\u00f3rmula de alta toler\u00e2ncia FPS 10. Uma f\u00f3rmula de grande poder de repara\u00e7\u00e3o. Hidrata a pele e desenvolve uma REGENERA\u00c7\u00c3O profunda da pele madura. Esta f\u00f3rmula original \u00e9 capaz de liberar Retinol puro e Caviar fresco na pele. Sua deliciosa textura cremosa de toque sedoso produz uma agrad\u00e1vel sensa\u00e7\u00e3o de conforto e quando a pele recebe essa emuls\u00e3o ela enche de vida. Desde a primeira aplica\u00e7\u00e3o a pele \u00e9 flex\u00edvel, lisa, luminosa e totalmente regenerada e hidratada. Ap\u00f3s quatro semanas, as rugas s\u00e3o visivelmente reduzidas, como se as ranhuras fossem preenchidas por dentro.<\/p>\n","protected":false},"excerpt":{"rendered":"<p>CREME ANTI RUGAS COM CAVIAR 50ML &nbsp; EAN: 5600419240353 &nbsp; F\u00f3rmula de alta toler\u00e2ncia FPS 10. Uma f\u00f3rmula de grande poder de repara\u00e7\u00e3o. Hidrata a pele e desenvolve uma REGENERA\u00c7\u00c3O profunda da pele madura. Esta f\u00f3rmula original \u00e9 capaz de liberar Retinol puro e Caviar fresco na pele. Sua deliciosa textura cremosa de toque sedoso&hellip;<\/p>\n","protected":false},"featured_media":41372,"comment_status":"open","ping_status":"closed","template":"","meta":[],"product_brand":[],"product_cat":[216,235],"product_tag":[256,272],"class_list":{"0":"post-38148","1":"product","2":"type-product","3":"status-publish","4":"has-post-thumbnail","6":"product_cat-beeomel","7":"product_cat-cremes","8":"product_tag-apisantos","9":"product_tag-cosmetica","10":"description-off","12":"first","13":"instock","14":"taxable","15":"shipping-taxable","16":"purchasable","17":"product-type-simple"},"aioseo_notices":[],"_links":{"self":[{"href":"https:\/\/apisantos.com\/en\/wp-json\/wp\/v2\/product\/38148","targetHints":{"allow":["GET"]}}],"collection":[{"href":"https:\/\/apisantos.com\/en\/wp-json\/wp\/v2\/product"}],"about":[{"href":"https:\/\/apisantos.com\/en\/wp-json\/wp\/v2\/types\/product"}],"replies":[{"embeddable":true,"href":"https:\/\/apisantos.com\/en\/wp-json\/wp\/v2\/comments?post=38148"}],"wp:featuredmedia":[{"embeddable":true,"href":"https:\/\/apisantos.com\/en\/wp-json\/wp\/v2\/media\/41372"}],"wp:attachment":[{"href":"https:\/\/apisantos.com\/en\/wp-json\/wp\/v2\/media?parent=38148"}],"wp:term":[{"taxonomy":"product_brand","embeddable":true,"href":"https:\/\/apisantos.com\/en\/wp-json\/wp\/v2\/product_brand?post=38148"},{"taxonomy":"product_cat","embeddable":true,"href":"https:\/\/apisantos.com\/en\/wp-json\/wp\/v2\/product_cat?post=38148"},{"taxonomy":"product_tag","embeddable":true,"href":"https:\/\/apisantos.com\/en\/wp-json\/wp\/v2\/product_tag?post=38148"}],"curies":[{"name":"wp","href":"https:\/\/api.w.org\/{rel}","templated":true}]}}