{"id":38147,"date":"2018-12-27T16:15:05","date_gmt":"2018-12-27T16:15:05","guid":{"rendered":"http:\/\/apisantos.com\/?post_type=product&#038;p=38147"},"modified":"2026-02-13T21:59:05","modified_gmt":"2026-02-13T21:59:05","slug":"creme-balsamo-50ml","status":"publish","type":"product","link":"https:\/\/apisantos.com\/en\/loja-online\/beeomel\/cremes\/creme-balsamo-50ml\/","title":{"rendered":"Creme Hidro B\u00e1lsamo com geleia real 50ml"},"content":{"rendered":"<p>CREME HIDRO B\u00c1LSAMO COM GELEIA REAL 50ML<\/p>\n<p>&nbsp;<\/p>\n<p><strong>EAN: 5600419240308<\/strong><\/p>\n<p>&nbsp;<\/p>\n<p>O creme &#8220;Hidrob\u00e1lsamo&#8221; \u00e9 composto por ingredientes activos que cuidam da pele. Por seu conte\u00fado em Geleia Real, hidrata, suaviza e relaxa a pele do rosto, dando-lhe protec\u00e7\u00e3o e ajudando-o a se regenerar, absorve imediatamente e acalma a irrita\u00e7\u00e3o produzida pelo barbear. N\u00c3O CONTENDO \u00c1LCOOL, n\u00e3o produz ardor ou irrita\u00e7\u00e3o na pele<\/p>\n","protected":false},"excerpt":{"rendered":"<p>CREME HIDRO B\u00c1LSAMO COM GELEIA REAL 50ML &nbsp; EAN: 5600419240308 &nbsp; O creme &#8220;Hidrob\u00e1lsamo&#8221; \u00e9 composto por ingredientes activos que cuidam da pele. Por seu conte\u00fado em Geleia Real, hidrata, suaviza e relaxa a pele do rosto, dando-lhe protec\u00e7\u00e3o e ajudando-o a se regenerar, absorve imediatamente e acalma a irrita\u00e7\u00e3o produzida pelo barbear. N\u00c3O CONTENDO&hellip;<\/p>\n","protected":false},"featured_media":41368,"comment_status":"open","ping_status":"closed","template":"","meta":[],"product_brand":[],"product_cat":[216,235],"product_tag":[256,272],"class_list":{"0":"post-38147","1":"product","2":"type-product","3":"status-publish","4":"has-post-thumbnail","6":"product_cat-beeomel","7":"product_cat-cremes","8":"product_tag-apisantos","9":"product_tag-cosmetica","10":"description-off","12":"first","13":"instock","14":"taxable","15":"shipping-taxable","16":"purchasable","17":"product-type-simple"},"aioseo_notices":[],"_links":{"self":[{"href":"https:\/\/apisantos.com\/en\/wp-json\/wp\/v2\/product\/38147","targetHints":{"allow":["GET"]}}],"collection":[{"href":"https:\/\/apisantos.com\/en\/wp-json\/wp\/v2\/product"}],"about":[{"href":"https:\/\/apisantos.com\/en\/wp-json\/wp\/v2\/types\/product"}],"replies":[{"embeddable":true,"href":"https:\/\/apisantos.com\/en\/wp-json\/wp\/v2\/comments?post=38147"}],"wp:featuredmedia":[{"embeddable":true,"href":"https:\/\/apisantos.com\/en\/wp-json\/wp\/v2\/media\/41368"}],"wp:attachment":[{"href":"https:\/\/apisantos.com\/en\/wp-json\/wp\/v2\/media?parent=38147"}],"wp:term":[{"taxonomy":"product_brand","embeddable":true,"href":"https:\/\/apisantos.com\/en\/wp-json\/wp\/v2\/product_brand?post=38147"},{"taxonomy":"product_cat","embeddable":true,"href":"https:\/\/apisantos.com\/en\/wp-json\/wp\/v2\/product_cat?post=38147"},{"taxonomy":"product_tag","embeddable":true,"href":"https:\/\/apisantos.com\/en\/wp-json\/wp\/v2\/product_tag?post=38147"}],"curies":[{"name":"wp","href":"https:\/\/api.w.org\/{rel}","templated":true}]}}