{"id":38146,"date":"2018-12-27T16:12:03","date_gmt":"2018-12-27T16:12:03","guid":{"rendered":"http:\/\/apisantos.com\/?post_type=product&#038;p=38146"},"modified":"2026-02-13T21:59:17","modified_gmt":"2026-02-13T21:59:17","slug":"creme-baba-caracol-50ml","status":"publish","type":"product","link":"https:\/\/apisantos.com\/en\/loja-online\/beeomel\/cremes\/creme-baba-caracol-50ml\/","title":{"rendered":"Creme baba de caracol com pr\u00f3polis FPS10 50ml"},"content":{"rendered":"<p>CREME BABA DE CARACOL COM PR\u00d3POLIS FPS10 50ML<\/p>\n<p>&nbsp;<\/p>\n<p><strong>EAN: 5600419240247<\/strong><\/p>\n<p>&nbsp;<\/p>\n<p>O extracto de baba de caracol tem se mostrado um dos ingredientes activos de origem natural com maior teor de prote\u00ednas, vitaminas A e C, Alanto\u00edna e Elastina, que s\u00e3o essenciais para a nutri\u00e7\u00e3o e repara\u00e7\u00e3o da pele. Essas propriedades, juntamente com as fibras dermoprotetoras, hidratantes e formadoras de col\u00e1geno da Pr\u00f3polis, revitalizam as fun\u00e7\u00f5es da pele, atenuando notavelmente as rugas e linhas finas. Da mesma forma, a alta concentra\u00e7\u00e3o de Alanto\u00edna que cont\u00e9m o Lodo do Caracol, garante a constante regenera\u00e7\u00e3o da pele evitando seu envelhecimento prematuro. Ao mesmo tempo, a esfolia\u00e7\u00e3o leve produzida pelo seu conte\u00fado de \u00e1cido glic\u00f3lico proporciona uma pele macia, suave e luminosa. Cont\u00e9m factor de protec\u00e7\u00e3o 10<\/p>\n","protected":false},"excerpt":{"rendered":"<p>CREME BABA DE CARACOL COM PR\u00d3POLIS FPS10 50ML &nbsp; EAN: 5600419240247 &nbsp; O extracto de baba de caracol tem se mostrado um dos ingredientes activos de origem natural com maior teor de prote\u00ednas, vitaminas A e C, Alanto\u00edna e Elastina, que s\u00e3o essenciais para a nutri\u00e7\u00e3o e repara\u00e7\u00e3o da pele. Essas propriedades, juntamente com as&hellip;<\/p>\n","protected":false},"featured_media":41364,"comment_status":"open","ping_status":"closed","template":"","meta":[],"product_brand":[],"product_cat":[216,235],"product_tag":[256,272],"class_list":{"0":"post-38146","1":"product","2":"type-product","3":"status-publish","4":"has-post-thumbnail","6":"product_cat-beeomel","7":"product_cat-cremes","8":"product_tag-apisantos","9":"product_tag-cosmetica","10":"description-off","12":"first","13":"instock","14":"taxable","15":"shipping-taxable","16":"purchasable","17":"product-type-simple"},"aioseo_notices":[],"_links":{"self":[{"href":"https:\/\/apisantos.com\/en\/wp-json\/wp\/v2\/product\/38146","targetHints":{"allow":["GET"]}}],"collection":[{"href":"https:\/\/apisantos.com\/en\/wp-json\/wp\/v2\/product"}],"about":[{"href":"https:\/\/apisantos.com\/en\/wp-json\/wp\/v2\/types\/product"}],"replies":[{"embeddable":true,"href":"https:\/\/apisantos.com\/en\/wp-json\/wp\/v2\/comments?post=38146"}],"wp:featuredmedia":[{"embeddable":true,"href":"https:\/\/apisantos.com\/en\/wp-json\/wp\/v2\/media\/41364"}],"wp:attachment":[{"href":"https:\/\/apisantos.com\/en\/wp-json\/wp\/v2\/media?parent=38146"}],"wp:term":[{"taxonomy":"product_brand","embeddable":true,"href":"https:\/\/apisantos.com\/en\/wp-json\/wp\/v2\/product_brand?post=38146"},{"taxonomy":"product_cat","embeddable":true,"href":"https:\/\/apisantos.com\/en\/wp-json\/wp\/v2\/product_cat?post=38146"},{"taxonomy":"product_tag","embeddable":true,"href":"https:\/\/apisantos.com\/en\/wp-json\/wp\/v2\/product_tag?post=38146"}],"curies":[{"name":"wp","href":"https:\/\/api.w.org\/{rel}","templated":true}]}}