{"id":38145,"date":"2018-12-27T16:09:55","date_gmt":"2018-12-27T16:09:55","guid":{"rendered":"http:\/\/apisantos.com\/?post_type=product&#038;p=38145"},"modified":"2026-02-13T21:59:31","modified_gmt":"2026-02-13T21:59:31","slug":"creme-anti-rugas-com-geleia-real-50ml","status":"publish","type":"product","link":"https:\/\/apisantos.com\/en\/loja-online\/beeomel\/cremes\/creme-anti-rugas-com-geleia-real-50ml\/","title":{"rendered":"Creme anti rugas com geleia real e elastina 50ml"},"content":{"rendered":"<p>CREME ANTI RUGAS COM GELEIA REAL E ELASTINA 50ML<\/p>\n<p>&nbsp;<\/p>\n<p><strong>EAN: 5600419240117<\/strong><\/p>\n<p>&nbsp;<\/p>\n<p>Creme de textura suave, f\u00e1cil penetra\u00e7\u00e3o e grande efic\u00e1cia anti-rugas pela mistura compensada dos seus princ\u00edpios activos, que actuam numa ac\u00e7\u00e3o cont\u00ednua de Hidro nutri\u00e7\u00e3o da pele. Pode ser usado dia e noite<\/p>\n<p>&nbsp;<\/p>\n","protected":false},"excerpt":{"rendered":"<p>CREME ANTI RUGAS COM GELEIA REAL E ELASTINA 50ML &nbsp; EAN: 5600419240117 &nbsp; Creme de textura suave, f\u00e1cil penetra\u00e7\u00e3o e grande efic\u00e1cia anti-rugas pela mistura compensada dos seus princ\u00edpios activos, que actuam numa ac\u00e7\u00e3o cont\u00ednua de Hidro nutri\u00e7\u00e3o da pele. Pode ser usado dia e noite &nbsp;<\/p>\n","protected":false},"featured_media":41360,"comment_status":"open","ping_status":"closed","template":"","meta":[],"product_brand":[],"product_cat":[216,235],"product_tag":[256,272],"class_list":{"0":"post-38145","1":"product","2":"type-product","3":"status-publish","4":"has-post-thumbnail","6":"product_cat-beeomel","7":"product_cat-cremes","8":"product_tag-apisantos","9":"product_tag-cosmetica","10":"description-off","12":"first","13":"instock","14":"taxable","15":"shipping-taxable","16":"purchasable","17":"product-type-simple"},"aioseo_notices":[],"_links":{"self":[{"href":"https:\/\/apisantos.com\/en\/wp-json\/wp\/v2\/product\/38145","targetHints":{"allow":["GET"]}}],"collection":[{"href":"https:\/\/apisantos.com\/en\/wp-json\/wp\/v2\/product"}],"about":[{"href":"https:\/\/apisantos.com\/en\/wp-json\/wp\/v2\/types\/product"}],"replies":[{"embeddable":true,"href":"https:\/\/apisantos.com\/en\/wp-json\/wp\/v2\/comments?post=38145"}],"wp:featuredmedia":[{"embeddable":true,"href":"https:\/\/apisantos.com\/en\/wp-json\/wp\/v2\/media\/41360"}],"wp:attachment":[{"href":"https:\/\/apisantos.com\/en\/wp-json\/wp\/v2\/media?parent=38145"}],"wp:term":[{"taxonomy":"product_brand","embeddable":true,"href":"https:\/\/apisantos.com\/en\/wp-json\/wp\/v2\/product_brand?post=38145"},{"taxonomy":"product_cat","embeddable":true,"href":"https:\/\/apisantos.com\/en\/wp-json\/wp\/v2\/product_cat?post=38145"},{"taxonomy":"product_tag","embeddable":true,"href":"https:\/\/apisantos.com\/en\/wp-json\/wp\/v2\/product_tag?post=38145"}],"curies":[{"name":"wp","href":"https:\/\/api.w.org\/{rel}","templated":true}]}}