{"id":38129,"date":"2018-12-27T15:04:47","date_gmt":"2018-12-27T15:04:47","guid":{"rendered":"http:\/\/apisantos.com\/?post_type=product&#038;p=38129"},"modified":"2026-02-13T22:07:15","modified_gmt":"2026-02-13T22:07:15","slug":"protector-celulas","status":"publish","type":"product","link":"https:\/\/apisantos.com\/en\/loja-online\/apisantos\/criacao-de-rainhas\/protector-celulas\/","title":{"rendered":"Protector de pl\u00e1stico para c\u00e9lulas reais"},"content":{"rendered":"<p>PROTECTOR DE C\u00c9LULAS REAIS<\/p>\n<p>&nbsp;<\/p>\n<p><em><strong>EAN: 56004192501347<\/strong><\/em><\/p>\n<p>&nbsp;<\/p>\n","protected":false},"excerpt":{"rendered":"<p>PROTECTOR DE C\u00c9LULAS REAIS &nbsp; EAN: 56004192501347 &nbsp;<\/p>\n","protected":false},"featured_media":41155,"comment_status":"closed","ping_status":"closed","template":"","meta":[],"product_brand":[],"product_cat":[214,223],"product_tag":[256,240],"class_list":{"0":"post-38129","1":"product","2":"type-product","3":"status-publish","4":"has-post-thumbnail","6":"product_cat-apisantos","7":"product_cat-criacao-de-rainhas","8":"product_tag-apisantos","9":"product_tag-criacao-de-rainhas","10":"description-off","12":"first","13":"instock","14":"sold-individually","15":"taxable","16":"shipping-taxable","17":"purchasable","18":"product-type-simple"},"aioseo_notices":[],"_links":{"self":[{"href":"https:\/\/apisantos.com\/en\/wp-json\/wp\/v2\/product\/38129","targetHints":{"allow":["GET"]}}],"collection":[{"href":"https:\/\/apisantos.com\/en\/wp-json\/wp\/v2\/product"}],"about":[{"href":"https:\/\/apisantos.com\/en\/wp-json\/wp\/v2\/types\/product"}],"replies":[{"embeddable":true,"href":"https:\/\/apisantos.com\/en\/wp-json\/wp\/v2\/comments?post=38129"}],"wp:featuredmedia":[{"embeddable":true,"href":"https:\/\/apisantos.com\/en\/wp-json\/wp\/v2\/media\/41155"}],"wp:attachment":[{"href":"https:\/\/apisantos.com\/en\/wp-json\/wp\/v2\/media?parent=38129"}],"wp:term":[{"taxonomy":"product_brand","embeddable":true,"href":"https:\/\/apisantos.com\/en\/wp-json\/wp\/v2\/product_brand?post=38129"},{"taxonomy":"product_cat","embeddable":true,"href":"https:\/\/apisantos.com\/en\/wp-json\/wp\/v2\/product_cat?post=38129"},{"taxonomy":"product_tag","embeddable":true,"href":"https:\/\/apisantos.com\/en\/wp-json\/wp\/v2\/product_tag?post=38129"}],"curies":[{"name":"wp","href":"https:\/\/api.w.org\/{rel}","templated":true}]}}