{"id":37976,"date":"2018-12-11T12:45:24","date_gmt":"2018-12-11T12:45:24","guid":{"rendered":"http:\/\/apisantos.com\/?post_type=product&#038;p=37976"},"modified":"2026-02-13T22:09:57","modified_gmt":"2026-02-13T22:09:57","slug":"apimix-kg-liquido","status":"publish","type":"product","link":"https:\/\/apisantos.com\/en\/loja-online\/apisantos\/alimentacao\/apimix-kg-liquido\/","title":{"rendered":"APIMIX kg l\u00edquido"},"content":{"rendered":"<p>APIMIX saco de kg em l\u00edquido<\/p>\n<p>&nbsp;<\/p>\n<p>O Apimix 10 kg \u00e9 um alimento l\u00edquido para abelhas formulado para garantir nutri\u00e7\u00e3o completa, especialmente antes das flora\u00e7\u00f5es.<br \/>\nComposto por um xarope de a\u00e7\u00facar parcialmente invertido, fornece glicose e frutose 100% assimil\u00e1veis.<br \/>\nEnriquecido com vitaminas e amino\u00e1cidos essenciais, promove a sa\u00fade e o desempenho das colmeias.<\/p>\n<p>A sua formula\u00e7\u00e3o com alto teor de frutose evita a cristaliza\u00e7\u00e3o, mesmo em climas frios, assegurando uma fonte de alimento constante.<br \/>\nO Apimix est\u00e1 pronto para consumo direto, sem necessidade de dilui\u00e7\u00e3o, sendo ideal para alimenta\u00e7\u00e3o entre flora\u00e7\u00f5es, est\u00edmulo na primavera e manuten\u00e7\u00e3o de col\u00f3nias durante o inverno.<\/p>\n","protected":false},"excerpt":{"rendered":"<p>APIMIX saco de kg em l\u00edquido &nbsp; O Apimix 10 kg \u00e9 um alimento l\u00edquido para abelhas formulado para garantir nutri\u00e7\u00e3o completa, especialmente antes das flora\u00e7\u00f5es. Composto por um xarope de a\u00e7\u00facar parcialmente invertido, fornece glicose e frutose 100% assimil\u00e1veis. Enriquecido com vitaminas e amino\u00e1cidos essenciais, promove a sa\u00fade e o desempenho das colmeias. A&hellip;<\/p>\n","protected":false},"featured_media":42484,"comment_status":"closed","ping_status":"closed","template":"","meta":[],"product_brand":[],"product_cat":[218,214],"product_tag":[257,256],"class_list":{"0":"post-37976","1":"product","2":"type-product","3":"status-publish","4":"has-post-thumbnail","6":"product_cat-alimentacao","7":"product_cat-apisantos","8":"product_tag-alimentacao","9":"product_tag-apisantos","10":"description-off","12":"first","13":"instock","14":"sold-individually","15":"taxable","16":"shipping-taxable","17":"purchasable","18":"product-type-simple"},"aioseo_notices":[],"_links":{"self":[{"href":"https:\/\/apisantos.com\/en\/wp-json\/wp\/v2\/product\/37976","targetHints":{"allow":["GET"]}}],"collection":[{"href":"https:\/\/apisantos.com\/en\/wp-json\/wp\/v2\/product"}],"about":[{"href":"https:\/\/apisantos.com\/en\/wp-json\/wp\/v2\/types\/product"}],"replies":[{"embeddable":true,"href":"https:\/\/apisantos.com\/en\/wp-json\/wp\/v2\/comments?post=37976"}],"wp:featuredmedia":[{"embeddable":true,"href":"https:\/\/apisantos.com\/en\/wp-json\/wp\/v2\/media\/42484"}],"wp:attachment":[{"href":"https:\/\/apisantos.com\/en\/wp-json\/wp\/v2\/media?parent=37976"}],"wp:term":[{"taxonomy":"product_brand","embeddable":true,"href":"https:\/\/apisantos.com\/en\/wp-json\/wp\/v2\/product_brand?post=37976"},{"taxonomy":"product_cat","embeddable":true,"href":"https:\/\/apisantos.com\/en\/wp-json\/wp\/v2\/product_cat?post=37976"},{"taxonomy":"product_tag","embeddable":true,"href":"https:\/\/apisantos.com\/en\/wp-json\/wp\/v2\/product_tag?post=37976"}],"curies":[{"name":"wp","href":"https:\/\/api.w.org\/{rel}","templated":true}]}}