{"id":37973,"date":"2018-12-11T12:06:40","date_gmt":"2018-12-11T12:06:40","guid":{"rendered":"http:\/\/apisantos.com\/?post_type=product&#038;p=37973"},"modified":"2026-02-13T22:10:30","modified_gmt":"2026-02-13T22:10:30","slug":"apipasta-plus-500g","status":"publish","type":"product","link":"https:\/\/apisantos.com\/en\/loja-online\/apisantos\/alimentacao\/apipasta-plus-500g\/","title":{"rendered":"APIPASTA Plus 500g"},"content":{"rendered":"<p>VANILA- Caixa com 20kg em sacos 2 kilos de alimento para abelhas<\/p>\n<p>&nbsp;<\/p>\n<p><em><strong>EAN: 5600419250475<\/strong><\/em><\/p>\n<p>&nbsp;<\/p>\n<p>Dispon\u00edvel em caixas de 20kg com sacos de 2kg cada.<\/p>\n<p>Alimenta\u00e7\u00e3o Vanila de Melissokomiki Athinon.<\/p>\n<p>A\u00e7\u00facar invertido..<\/p>\n<p>Tornando o alimento mais apetec\u00edvel e agrad\u00e1vel para as abelhas, o que leva a uma r\u00e1pida aceita\u00e7\u00e3o e consumo at\u00e9 mesmo por enxames mais fracos.<\/p>\n<p>Dispon\u00edvel em caixas de 20kg com sacos de 2kg cada.<\/p>\n<p>N\u00f3s oferecemos a maior variedade de alimentos ap\u00edcolas.<\/p>\n<p>Todos eles s\u00e3o produzidos por Melissokomiki Athinon usando a\u00e7\u00facares simples, mel e a\u00e7\u00facar mo\u00eddo.<\/p>\n<p>&nbsp;<\/p>\n<p><strong>Composi\u00e7\u00e3o:<\/strong><\/p>\n<p>100% a\u00e7\u00facar invertido<\/p>\n<pre class=\"tw-data-text tw-ta tw-text-small\"><\/pre>\n","protected":false},"excerpt":{"rendered":"<p>VANILA- Caixa com 20kg em sacos 2 kilos de alimento para abelhas &nbsp; EAN: 5600419250475 &nbsp; Dispon\u00edvel em caixas de 20kg com sacos de 2kg cada. Alimenta\u00e7\u00e3o Vanila de Melissokomiki Athinon. A\u00e7\u00facar invertido.. Tornando o alimento mais apetec\u00edvel e agrad\u00e1vel para as abelhas, o que leva a uma r\u00e1pida aceita\u00e7\u00e3o e consumo at\u00e9 mesmo por&hellip;<\/p>\n","protected":false},"featured_media":41717,"comment_status":"closed","ping_status":"closed","template":"","meta":[],"product_brand":[],"product_cat":[218,214],"product_tag":[257,256],"class_list":{"0":"post-37973","1":"product","2":"type-product","3":"status-publish","4":"has-post-thumbnail","6":"product_cat-alimentacao","7":"product_cat-apisantos","8":"product_tag-alimentacao","9":"product_tag-apisantos","10":"description-off","12":"first","13":"instock","14":"sold-individually","15":"taxable","16":"shipping-taxable","17":"purchasable","18":"product-type-simple"},"aioseo_notices":[],"_links":{"self":[{"href":"https:\/\/apisantos.com\/en\/wp-json\/wp\/v2\/product\/37973","targetHints":{"allow":["GET"]}}],"collection":[{"href":"https:\/\/apisantos.com\/en\/wp-json\/wp\/v2\/product"}],"about":[{"href":"https:\/\/apisantos.com\/en\/wp-json\/wp\/v2\/types\/product"}],"replies":[{"embeddable":true,"href":"https:\/\/apisantos.com\/en\/wp-json\/wp\/v2\/comments?post=37973"}],"wp:featuredmedia":[{"embeddable":true,"href":"https:\/\/apisantos.com\/en\/wp-json\/wp\/v2\/media\/41717"}],"wp:attachment":[{"href":"https:\/\/apisantos.com\/en\/wp-json\/wp\/v2\/media?parent=37973"}],"wp:term":[{"taxonomy":"product_brand","embeddable":true,"href":"https:\/\/apisantos.com\/en\/wp-json\/wp\/v2\/product_brand?post=37973"},{"taxonomy":"product_cat","embeddable":true,"href":"https:\/\/apisantos.com\/en\/wp-json\/wp\/v2\/product_cat?post=37973"},{"taxonomy":"product_tag","embeddable":true,"href":"https:\/\/apisantos.com\/en\/wp-json\/wp\/v2\/product_tag?post=37973"}],"curies":[{"name":"wp","href":"https:\/\/api.w.org\/{rel}","templated":true}]}}