{"id":37972,"date":"2018-12-11T12:01:58","date_gmt":"2018-12-11T12:01:58","guid":{"rendered":"http:\/\/apisantos.com\/?post_type=product&#038;p=37972"},"modified":"2026-02-13T22:10:44","modified_gmt":"2026-02-13T22:10:44","slug":"apipasta-plus-caixa-14kg","status":"publish","type":"product","link":"https:\/\/apisantos.com\/en\/loja-online\/apisantos\/alimentacao\/apipasta-plus-caixa-14kg\/","title":{"rendered":"APIPASTA Plus caixa 14kg"},"content":{"rendered":"<p>MELOSTAR &#8211; Caixa de 20kg em sacos de 1 kilo de alimento para abelhas<\/p>\n<p>&nbsp;<\/p>\n<p><em><strong>EAN: 5600419250468<\/strong><\/em><\/p>\n<p>&nbsp;<\/p>\n<p>Dispon\u00edvel em caixas de 20kg.<\/p>\n<p>Melostar de Melissokomiki Athinon.<\/p>\n<p>Possui a composi\u00e7\u00e3o do Bee Food com adi\u00e7\u00e3o do sabor de mel e baixa percentagem de p\u00f3len.<\/p>\n<p>Tornando o alimento mais apetec\u00edvel e agrad\u00e1vel para as abelhas, o que leva a uma r\u00e1pida aceita\u00e7\u00e3o e consumo at\u00e9 mesmo por enxames mais fracos.<\/p>\n<p>Este cont\u00e9m mel, e \u00e9 ideal tamb\u00e9m para a alimenta\u00e7\u00e3o de inverno e serve para estimular a rainha na postura.<\/p>\n<p>N\u00f3s oferecemos a maior variedade de alimentos ap\u00edcolas.<\/p>\n<p>Todos eles s\u00e3o produzidos por Melissokomiki Athinon usando a\u00e7\u00facares simples, mel e a\u00e7\u00facar mo\u00eddo.<\/p>\n<p>&nbsp;<\/p>\n<p><strong>Composi\u00e7\u00e3o:<\/strong><\/p>\n<p>37% Frutose<\/p>\n<p>51% Dextrose<\/p>\n<p>1,4% Maltose<\/p>\n<p>2,8% Triose<\/p>\n<p>0,8% A\u00e7ucar<\/p>\n<p><em><strong>7% Mel<\/strong><\/em><\/p>\n<pre class=\"tw-data-text tw-ta tw-text-small\"><\/pre>\n","protected":false},"excerpt":{"rendered":"<p>MELOSTAR &#8211; Caixa de 20kg em sacos de 1 kilo de alimento para abelhas &nbsp; EAN: 5600419250468 &nbsp; Dispon\u00edvel em caixas de 20kg. Melostar de Melissokomiki Athinon. Possui a composi\u00e7\u00e3o do Bee Food com adi\u00e7\u00e3o do sabor de mel e baixa percentagem de p\u00f3len. Tornando o alimento mais apetec\u00edvel e agrad\u00e1vel para as abelhas, o&hellip;<\/p>\n","protected":false},"featured_media":40915,"comment_status":"closed","ping_status":"closed","template":"","meta":[],"product_brand":[],"product_cat":[218,214],"product_tag":[257,256],"class_list":{"0":"post-37972","1":"product","2":"type-product","3":"status-publish","4":"has-post-thumbnail","6":"product_cat-alimentacao","7":"product_cat-apisantos","8":"product_tag-alimentacao","9":"product_tag-apisantos","10":"description-off","12":"first","13":"instock","14":"sold-individually","15":"taxable","16":"shipping-taxable","17":"purchasable","18":"product-type-simple"},"aioseo_notices":[],"_links":{"self":[{"href":"https:\/\/apisantos.com\/en\/wp-json\/wp\/v2\/product\/37972","targetHints":{"allow":["GET"]}}],"collection":[{"href":"https:\/\/apisantos.com\/en\/wp-json\/wp\/v2\/product"}],"about":[{"href":"https:\/\/apisantos.com\/en\/wp-json\/wp\/v2\/types\/product"}],"replies":[{"embeddable":true,"href":"https:\/\/apisantos.com\/en\/wp-json\/wp\/v2\/comments?post=37972"}],"wp:featuredmedia":[{"embeddable":true,"href":"https:\/\/apisantos.com\/en\/wp-json\/wp\/v2\/media\/40915"}],"wp:attachment":[{"href":"https:\/\/apisantos.com\/en\/wp-json\/wp\/v2\/media?parent=37972"}],"wp:term":[{"taxonomy":"product_brand","embeddable":true,"href":"https:\/\/apisantos.com\/en\/wp-json\/wp\/v2\/product_brand?post=37972"},{"taxonomy":"product_cat","embeddable":true,"href":"https:\/\/apisantos.com\/en\/wp-json\/wp\/v2\/product_cat?post=37972"},{"taxonomy":"product_tag","embeddable":true,"href":"https:\/\/apisantos.com\/en\/wp-json\/wp\/v2\/product_tag?post=37972"}],"curies":[{"name":"wp","href":"https:\/\/api.w.org\/{rel}","templated":true}]}}