{"id":37971,"date":"2018-12-11T12:00:17","date_gmt":"2018-12-11T12:00:17","guid":{"rendered":"http:\/\/apisantos.com\/?post_type=product&#038;p=37971"},"modified":"2026-02-13T22:10:59","modified_gmt":"2026-02-13T22:10:59","slug":"apipasta-vitamina-kg","status":"publish","type":"product","link":"https:\/\/apisantos.com\/en\/loja-online\/apisantos\/alimentacao\/apipasta-vitamina-kg\/","title":{"rendered":"APIPASTA Vitamina kg"},"content":{"rendered":"<p>BEEFOOD &#8211; Caixa de 20kg em sacos de 1 kilo de alimento para abelhas<\/p>\n<p>&nbsp;<\/p>\n<p><em><strong>EAN: 5600419250451<\/strong><\/em><\/p>\n<p>&nbsp;<\/p>\n<p>Dispon\u00edvel em caixas de 20kg.<\/p>\n<p>Alimenta\u00e7\u00e3o para abelhas de Melissokomiki Athinon.<\/p>\n<p>\u00c9 um alimento em forma de pasta feita de a\u00e7\u00facares divididos.<\/p>\n<p>Devido \u00e0 sua f\u00e1cil assimila\u00e7\u00e3o pelo metabolismo das abelhas, tem um efeito positivo na efici\u00eancia da col\u00f3nia.<\/p>\n<p>Vamos utiliza-lo especialmente a partir de Outubro at\u00e9 Mar\u00e7o.<\/p>\n<p>\u00c9 indicado para a alimenta\u00e7\u00e3o de inverno e para todo per\u00edodo em que n\u00e3o h\u00e1 mel nos favos.<\/p>\n<p>N\u00f3s oferecemos a maior variedade de alimentos ap\u00edcolas.<\/p>\n<p>Todos eles s\u00e3o produzidos por Melissokomiki Athinon usando a\u00e7\u00facares simples, mel e a\u00e7\u00facar mo\u00eddo.<\/p>\n<p>&nbsp;<\/p>\n<p><strong>Composi\u00e7\u00e3o:<\/strong><\/p>\n<p>40% Frutose<\/p>\n<p>54% Dextrose<\/p>\n<p>2% Maltose<\/p>\n<p>3% Triose<\/p>\n<p>1% A\u00e7ucar<\/p>\n","protected":false},"excerpt":{"rendered":"<p>BEEFOOD &#8211; Caixa de 20kg em sacos de 1 kilo de alimento para abelhas &nbsp; EAN: 5600419250451 &nbsp; Dispon\u00edvel em caixas de 20kg. Alimenta\u00e7\u00e3o para abelhas de Melissokomiki Athinon. \u00c9 um alimento em forma de pasta feita de a\u00e7\u00facares divididos. Devido \u00e0 sua f\u00e1cil assimila\u00e7\u00e3o pelo metabolismo das abelhas, tem um efeito positivo na efici\u00eancia&hellip;<\/p>\n","protected":false},"featured_media":40913,"comment_status":"closed","ping_status":"closed","template":"","meta":[],"product_brand":[],"product_cat":[218,214],"product_tag":[257,256],"class_list":{"0":"post-37971","1":"product","2":"type-product","3":"status-publish","4":"has-post-thumbnail","6":"product_cat-alimentacao","7":"product_cat-apisantos","8":"product_tag-alimentacao","9":"product_tag-apisantos","10":"description-off","12":"first","13":"instock","14":"sold-individually","15":"taxable","16":"shipping-taxable","17":"purchasable","18":"product-type-simple"},"aioseo_notices":[],"_links":{"self":[{"href":"https:\/\/apisantos.com\/en\/wp-json\/wp\/v2\/product\/37971","targetHints":{"allow":["GET"]}}],"collection":[{"href":"https:\/\/apisantos.com\/en\/wp-json\/wp\/v2\/product"}],"about":[{"href":"https:\/\/apisantos.com\/en\/wp-json\/wp\/v2\/types\/product"}],"replies":[{"embeddable":true,"href":"https:\/\/apisantos.com\/en\/wp-json\/wp\/v2\/comments?post=37971"}],"wp:featuredmedia":[{"embeddable":true,"href":"https:\/\/apisantos.com\/en\/wp-json\/wp\/v2\/media\/40913"}],"wp:attachment":[{"href":"https:\/\/apisantos.com\/en\/wp-json\/wp\/v2\/media?parent=37971"}],"wp:term":[{"taxonomy":"product_brand","embeddable":true,"href":"https:\/\/apisantos.com\/en\/wp-json\/wp\/v2\/product_brand?post=37971"},{"taxonomy":"product_cat","embeddable":true,"href":"https:\/\/apisantos.com\/en\/wp-json\/wp\/v2\/product_cat?post=37971"},{"taxonomy":"product_tag","embeddable":true,"href":"https:\/\/apisantos.com\/en\/wp-json\/wp\/v2\/product_tag?post=37971"}],"curies":[{"name":"wp","href":"https:\/\/api.w.org\/{rel}","templated":true}]}}