{"id":37970,"date":"2018-12-11T11:55:47","date_gmt":"2018-12-11T11:55:47","guid":{"rendered":"http:\/\/apisantos.com\/?post_type=product&#038;p=37970"},"modified":"2026-02-13T22:11:14","modified_gmt":"2026-02-13T22:11:14","slug":"apipasta-vitamina-caixa-15kg","status":"publish","type":"product","link":"https:\/\/apisantos.com\/en\/loja-online\/apisantos\/alimentacao\/apipasta-vitamina-caixa-15kg\/","title":{"rendered":"APIPASTA Vitamina caixa 15kg"},"content":{"rendered":"<p>Balde de 2 kilos de p\u00f3len em p\u00f3<\/p>\n<p>&nbsp;<\/p>\n<p><em><strong>EAN: 5600419250444<\/strong><\/em><\/p>\n<p>&nbsp;<\/p>\n<p>Balde de pl\u00e1stico com 2 kilos de p\u00f3len em p\u00f3 para alimenta\u00e7\u00e3o da cria\u00e7\u00e3o.<\/p>\n<p>Aplicar s\u00f3 em caso de falta de p\u00f3len no exterior da colmeia.<\/p>\n<pre class=\"tw-data-text tw-ta tw-text-small\"><\/pre>\n","protected":false},"excerpt":{"rendered":"<p>Balde de 2 kilos de p\u00f3len em p\u00f3 &nbsp; EAN: 5600419250444 &nbsp; Balde de pl\u00e1stico com 2 kilos de p\u00f3len em p\u00f3 para alimenta\u00e7\u00e3o da cria\u00e7\u00e3o. Aplicar s\u00f3 em caso de falta de p\u00f3len no exterior da colmeia.<\/p>\n","protected":false},"featured_media":40917,"comment_status":"closed","ping_status":"closed","template":"","meta":[],"product_brand":[],"product_cat":[218,214],"product_tag":[257,256],"class_list":{"0":"post-37970","1":"product","2":"type-product","3":"status-publish","4":"has-post-thumbnail","6":"product_cat-alimentacao","7":"product_cat-apisantos","8":"product_tag-alimentacao","9":"product_tag-apisantos","10":"description-off","12":"first","13":"instock","14":"sold-individually","15":"taxable","16":"shipping-taxable","17":"purchasable","18":"product-type-simple"},"aioseo_notices":[],"_links":{"self":[{"href":"https:\/\/apisantos.com\/en\/wp-json\/wp\/v2\/product\/37970","targetHints":{"allow":["GET"]}}],"collection":[{"href":"https:\/\/apisantos.com\/en\/wp-json\/wp\/v2\/product"}],"about":[{"href":"https:\/\/apisantos.com\/en\/wp-json\/wp\/v2\/types\/product"}],"replies":[{"embeddable":true,"href":"https:\/\/apisantos.com\/en\/wp-json\/wp\/v2\/comments?post=37970"}],"wp:featuredmedia":[{"embeddable":true,"href":"https:\/\/apisantos.com\/en\/wp-json\/wp\/v2\/media\/40917"}],"wp:attachment":[{"href":"https:\/\/apisantos.com\/en\/wp-json\/wp\/v2\/media?parent=37970"}],"wp:term":[{"taxonomy":"product_brand","embeddable":true,"href":"https:\/\/apisantos.com\/en\/wp-json\/wp\/v2\/product_brand?post=37970"},{"taxonomy":"product_cat","embeddable":true,"href":"https:\/\/apisantos.com\/en\/wp-json\/wp\/v2\/product_cat?post=37970"},{"taxonomy":"product_tag","embeddable":true,"href":"https:\/\/apisantos.com\/en\/wp-json\/wp\/v2\/product_tag?post=37970"}],"curies":[{"name":"wp","href":"https:\/\/api.w.org\/{rel}","templated":true}]}}