{"id":37965,"date":"2018-12-11T11:42:50","date_gmt":"2018-12-11T11:42:50","guid":{"rendered":"http:\/\/apisantos.com\/?post_type=product&#038;p=37965"},"modified":"2026-02-13T22:12:08","modified_gmt":"2026-02-13T22:12:08","slug":"apinectar-kg-verao","status":"publish","type":"product","link":"https:\/\/apisantos.com\/en\/loja-online\/apisantos\/alimentacao\/apinectar-kg-verao\/","title":{"rendered":"APINECTAR kg Ver\u00e3o"},"content":{"rendered":"<p>Apinectar bolsa de kg<\/p>\n<p>&nbsp;<\/p>\n<p>ApiNectar Estimula\u00e7\u00e3o<br \/>\nA Primavera est\u00e1 quase a chegar e as nossas colmeias est\u00e3o a despertar com fome, est\u00e1 na hora do ApiNectar Estimula\u00e7\u00e3o.<br \/>\nDesenvolvido por profissionais, este alimento l\u00edquido \u00e9 baseado em a\u00e7\u00facares naturais..<\/p>\n<p>Abastecimento entre flora\u00e7\u00f5es em climas quentes.<br \/>\nBase de a\u00e7\u00facares naturais e frutose<br \/>\nDesenvolvido por especialistas e testado por profissionais<br \/>\nPronto a usar na colmeia<\/p>\n","protected":false},"excerpt":{"rendered":"<p>Apinectar bolsa de kg &nbsp; ApiNectar Estimula\u00e7\u00e3o A Primavera est\u00e1 quase a chegar e as nossas colmeias est\u00e3o a despertar com fome, est\u00e1 na hora do ApiNectar Estimula\u00e7\u00e3o. Desenvolvido por profissionais, este alimento l\u00edquido \u00e9 baseado em a\u00e7\u00facares naturais.. Abastecimento entre flora\u00e7\u00f5es em climas quentes. Base de a\u00e7\u00facares naturais e frutose Desenvolvido por especialistas e&hellip;<\/p>\n","protected":false},"featured_media":42479,"comment_status":"closed","ping_status":"closed","template":"","meta":[],"product_brand":[],"product_cat":[218,214],"product_tag":[257,256],"class_list":{"0":"post-37965","1":"product","2":"type-product","3":"status-publish","4":"has-post-thumbnail","6":"product_cat-alimentacao","7":"product_cat-apisantos","8":"product_tag-alimentacao","9":"product_tag-apisantos","10":"description-off","12":"first","13":"instock","14":"sold-individually","15":"taxable","16":"shipping-taxable","17":"purchasable","18":"product-type-simple"},"aioseo_notices":[],"_links":{"self":[{"href":"https:\/\/apisantos.com\/en\/wp-json\/wp\/v2\/product\/37965","targetHints":{"allow":["GET"]}}],"collection":[{"href":"https:\/\/apisantos.com\/en\/wp-json\/wp\/v2\/product"}],"about":[{"href":"https:\/\/apisantos.com\/en\/wp-json\/wp\/v2\/types\/product"}],"replies":[{"embeddable":true,"href":"https:\/\/apisantos.com\/en\/wp-json\/wp\/v2\/comments?post=37965"}],"wp:featuredmedia":[{"embeddable":true,"href":"https:\/\/apisantos.com\/en\/wp-json\/wp\/v2\/media\/42479"}],"wp:attachment":[{"href":"https:\/\/apisantos.com\/en\/wp-json\/wp\/v2\/media?parent=37965"}],"wp:term":[{"taxonomy":"product_brand","embeddable":true,"href":"https:\/\/apisantos.com\/en\/wp-json\/wp\/v2\/product_brand?post=37965"},{"taxonomy":"product_cat","embeddable":true,"href":"https:\/\/apisantos.com\/en\/wp-json\/wp\/v2\/product_cat?post=37965"},{"taxonomy":"product_tag","embeddable":true,"href":"https:\/\/apisantos.com\/en\/wp-json\/wp\/v2\/product_tag?post=37965"}],"curies":[{"name":"wp","href":"https:\/\/api.w.org\/{rel}","templated":true}]}}