{"id":37948,"date":"2018-12-10T14:29:04","date_gmt":"2018-12-10T14:29:04","guid":{"rendered":"http:\/\/apisantos.com\/?post_type=product&#038;p=37948"},"modified":"2026-02-13T22:12:40","modified_gmt":"2026-02-13T22:12:40","slug":"apinectar-kg-inverno","status":"publish","type":"product","link":"https:\/\/apisantos.com\/en\/loja-online\/apisantos\/alimentacao\/apinectar-kg-inverno\/","title":{"rendered":"APINECTAR kg Inverno"},"content":{"rendered":"<p>APINECTAR saco kg<\/p>\n<p>&nbsp;<\/p>\n<p>ApiNectar Apoio<br \/>\nO alimento natural das abelhas consiste em a\u00e7\u00facares naturais (frutose). Uma vez chegado o outono, as colmeias precisam de ser abastecidas com alimento suficiente para poderem passar o inverno.<\/p>\n<p>Alimento concebido para a hiberna\u00e7\u00e3o da colmeia<br \/>\nBase de a\u00e7\u00facares naturais e frutose<br \/>\nDesenvolvido por especialistas e testado por profissionais<br \/>\nPronto a usar na colmeia<\/p>\n","protected":false},"excerpt":{"rendered":"<p>APINECTAR saco kg &nbsp; ApiNectar Apoio O alimento natural das abelhas consiste em a\u00e7\u00facares naturais (frutose). Uma vez chegado o outono, as colmeias precisam de ser abastecidas com alimento suficiente para poderem passar o inverno. Alimento concebido para a hiberna\u00e7\u00e3o da colmeia Base de a\u00e7\u00facares naturais e frutose Desenvolvido por especialistas e testado por profissionais&hellip;<\/p>\n","protected":false},"featured_media":42479,"comment_status":"closed","ping_status":"closed","template":"","meta":[],"product_brand":[],"product_cat":[218,214],"product_tag":[257,256],"class_list":{"0":"post-37948","1":"product","2":"type-product","3":"status-publish","4":"has-post-thumbnail","6":"product_cat-alimentacao","7":"product_cat-apisantos","8":"product_tag-alimentacao","9":"product_tag-apisantos","10":"description-off","12":"first","13":"instock","14":"sold-individually","15":"taxable","16":"shipping-taxable","17":"purchasable","18":"product-type-simple"},"aioseo_notices":[],"_links":{"self":[{"href":"https:\/\/apisantos.com\/en\/wp-json\/wp\/v2\/product\/37948","targetHints":{"allow":["GET"]}}],"collection":[{"href":"https:\/\/apisantos.com\/en\/wp-json\/wp\/v2\/product"}],"about":[{"href":"https:\/\/apisantos.com\/en\/wp-json\/wp\/v2\/types\/product"}],"replies":[{"embeddable":true,"href":"https:\/\/apisantos.com\/en\/wp-json\/wp\/v2\/comments?post=37948"}],"wp:featuredmedia":[{"embeddable":true,"href":"https:\/\/apisantos.com\/en\/wp-json\/wp\/v2\/media\/42479"}],"wp:attachment":[{"href":"https:\/\/apisantos.com\/en\/wp-json\/wp\/v2\/media?parent=37948"}],"wp:term":[{"taxonomy":"product_brand","embeddable":true,"href":"https:\/\/apisantos.com\/en\/wp-json\/wp\/v2\/product_brand?post=37948"},{"taxonomy":"product_cat","embeddable":true,"href":"https:\/\/apisantos.com\/en\/wp-json\/wp\/v2\/product_cat?post=37948"},{"taxonomy":"product_tag","embeddable":true,"href":"https:\/\/apisantos.com\/en\/wp-json\/wp\/v2\/product_tag?post=37948"}],"curies":[{"name":"wp","href":"https:\/\/api.w.org\/{rel}","templated":true}]}}