{"id":37946,"date":"2018-12-10T12:56:52","date_gmt":"2018-12-10T12:56:52","guid":{"rendered":"http:\/\/apisantos.com\/?post_type=product&#038;p=37946"},"modified":"2026-02-13T22:13:32","modified_gmt":"2026-02-13T22:13:32","slug":"apinectar-caixa-18kg-inverno","status":"publish","type":"product","link":"https:\/\/apisantos.com\/en\/loja-online\/apisantos\/alimentacao\/apinectar-caixa-18kg-inverno\/","title":{"rendered":"APINECTAR caixa 18kg Inverno"},"content":{"rendered":"<p>APINECTAR &#8211; Caixa com 18 bolsas de kilo de alimento para abelhas<\/p>\n<p>&nbsp;<\/p>\n<p>ApiNectar Apoio<br \/>\nO alimento natural das abelhas consiste em a\u00e7\u00facares naturais (frutose).<br \/>\nUma vez chegado o outono, as colmeias precisam de ser abastecidas com alimento suficiente para poderem passar o inverno.<\/p>\n<p>Alimento concebido para a hiberna\u00e7\u00e3o da colmeia<\/p>\n<p>Base de a\u00e7\u00facares naturais e frutose<\/p>\n<p>Desenvolvido por especialistas e testado por profissionais<\/p>\n<p>Pronto a usar na colmeia<\/p>\n<p>Como se aplica:<\/p>\n<p>01. Realizamos pequenas incis\u00f5es no recipiente de ApiNectar<br \/>\nRealizar perfura\u00e7\u00f5es para que o ApiNectar possa ser consumido pelas abelhas<\/p>\n<p>02. Colocamos o ApiNectar em cima das zonas centrais<br \/>\nColocamos o nosso recipiente de ApiNectar nos quadrados centrais e o mais pr\u00f3ximo poss\u00edvel do n\u00facleo das abelhas<\/p>\n<p>03. As abelhas come\u00e7ar\u00e3o a consumir o ApiNectar<br \/>\nO produto n\u00e3o \u00e9 armazenado na colmeia, evitando-se assim problemas de contamina\u00e7\u00e3o do mel<\/p>\n<p>04. Reabastecer o ApiNectar todas as semanas<br \/>\nO produto deve ser reabastecido todas as semanas ou de dez em dez dias (dependendo da colmeia)<\/p>\n","protected":false},"excerpt":{"rendered":"<p>APINECTAR &#8211; Caixa com 18 bolsas de kilo de alimento para abelhas &nbsp; ApiNectar Apoio O alimento natural das abelhas consiste em a\u00e7\u00facares naturais (frutose). Uma vez chegado o outono, as colmeias precisam de ser abastecidas com alimento suficiente para poderem passar o inverno. Alimento concebido para a hiberna\u00e7\u00e3o da colmeia Base de a\u00e7\u00facares naturais&hellip;<\/p>\n","protected":false},"featured_media":42477,"comment_status":"closed","ping_status":"closed","template":"","meta":[],"product_brand":[],"product_cat":[218,214],"product_tag":[257,256],"class_list":{"0":"post-37946","1":"product","2":"type-product","3":"status-publish","4":"has-post-thumbnail","6":"product_cat-alimentacao","7":"product_cat-apisantos","8":"product_tag-alimentacao","9":"product_tag-apisantos","10":"description-off","12":"first","13":"outofstock","14":"sold-individually","15":"taxable","16":"shipping-taxable","17":"purchasable","18":"product-type-simple"},"aioseo_notices":[],"_links":{"self":[{"href":"https:\/\/apisantos.com\/en\/wp-json\/wp\/v2\/product\/37946","targetHints":{"allow":["GET"]}}],"collection":[{"href":"https:\/\/apisantos.com\/en\/wp-json\/wp\/v2\/product"}],"about":[{"href":"https:\/\/apisantos.com\/en\/wp-json\/wp\/v2\/types\/product"}],"replies":[{"embeddable":true,"href":"https:\/\/apisantos.com\/en\/wp-json\/wp\/v2\/comments?post=37946"}],"wp:featuredmedia":[{"embeddable":true,"href":"https:\/\/apisantos.com\/en\/wp-json\/wp\/v2\/media\/42477"}],"wp:attachment":[{"href":"https:\/\/apisantos.com\/en\/wp-json\/wp\/v2\/media?parent=37946"}],"wp:term":[{"taxonomy":"product_brand","embeddable":true,"href":"https:\/\/apisantos.com\/en\/wp-json\/wp\/v2\/product_brand?post=37946"},{"taxonomy":"product_cat","embeddable":true,"href":"https:\/\/apisantos.com\/en\/wp-json\/wp\/v2\/product_cat?post=37946"},{"taxonomy":"product_tag","embeddable":true,"href":"https:\/\/apisantos.com\/en\/wp-json\/wp\/v2\/product_tag?post=37946"}],"curies":[{"name":"wp","href":"https:\/\/api.w.org\/{rel}","templated":true}]}}