{"id":36826,"date":"2018-02-12T16:13:40","date_gmt":"2018-02-12T16:13:40","guid":{"rendered":"http:\/\/apisantos.com\/?page_id=36826"},"modified":"2018-11-14T16:04:27","modified_gmt":"2018-11-14T16:04:27","slug":"partnerships","status":"publish","type":"page","link":"https:\/\/apisantos.com\/en\/partnerships\/","title":{"rendered":"Partnerships"},"content":{"rendered":"<p>[vc_row][vc_column width=&#8221;1\/3&#8243;][vc_single_image image=&#8221;35995&#8243; alignment=&#8221;center&#8221;][vc_column_text]<\/p>\n<h2 style=\"text-align: center;\">Junta Freguesia de S. Mamede de Coronado<\/h2>\n<p>[\/vc_column_text][\/vc_column][vc_column width=&#8221;1\/3&#8243;][vc_single_image image=&#8221;35999&#8243; alignment=&#8221;center&#8221; onclick=&#8221;custom_link&#8221; img_link_target=&#8221;_blank&#8221; link=&#8221;http:\/\/www.mun-trofa.pt\/&#8221;][vc_column_text]<\/p>\n<h2 style=\"text-align: center;\">C\u00e2mara Municipal da Trofa<\/h2>\n<p>[\/vc_column_text][\/vc_column][vc_column width=&#8221;1\/3&#8243;][vc_single_image image=&#8221;36529&#8243; alignment=&#8221;center&#8221;][vc_column_text]<\/p>\n<h2 style=\"text-align: center;\">INOUTCISTER<\/h2>\n<p>[\/vc_column_text][\/vc_column][\/vc_row][vc_row][vc_column width=&#8221;1\/3&#8243;][vc_single_image image=&#8221;35998&#8243; alignment=&#8221;center&#8221;][vc_column_text]<\/p>\n<h2 style=\"text-align: center;\">Clube Fluvial Vilacondense<\/h2>\n<p>[\/vc_column_text][\/vc_column][vc_column width=&#8221;1\/3&#8243;][vc_single_image image=&#8221;36004&#8243; alignment=&#8221;center&#8221; onclick=&#8221;custom_link&#8221; img_link_target=&#8221;_blank&#8221; link=&#8221;http:\/\/www.mun-trofa.pt\/&#8221;][vc_column_text]<\/p>\n<h2 style=\"text-align: center;\">Tropa de Elite RDM \u2013 Rio Moinhos<\/h2>\n<p>[\/vc_column_text][\/vc_column][vc_column width=&#8221;1\/3&#8243;][vc_single_image image=&#8221;35997&#8243; alignment=&#8221;center&#8221;][vc_column_text]<\/p>\n<h2 style=\"text-align: center;\">APICAVE \u2013 Associa\u00e7\u00e3o de Apicultores do C\u00e1vado e do Ave<\/h2>\n<p>[\/vc_column_text][\/vc_column][\/vc_row][vc_row][vc_column width=&#8221;1\/3&#8243;][vc_single_image image=&#8221;36849&#8243; alignment=&#8221;center&#8221;][vc_column_text]<\/p>\n<h2 style=\"text-align: center;\">Funda\u00e7\u00e3o Serralves<\/h2>\n<p>[\/vc_column_text][\/vc_column][vc_column width=&#8221;1\/3&#8243;][vc_single_image image=&#8221;37560&#8243; alignment=&#8221;center&#8221;][vc_column_text]<\/p>\n<h2 style=\"text-align: center;\">CAL &#8211; Loures<\/h2>\n<p>[\/vc_column_text][\/vc_column][vc_column width=&#8221;1\/3&#8243;][vc_single_image image=&#8221;37570&#8243; alignment=&#8221;center&#8221; onclick=&#8221;custom_link&#8221; img_link_target=&#8221;_blank&#8221; link=&#8221;http:\/\/www.mun-trofa.pt\/&#8221;][vc_column_text]<\/p>\n<h2 style=\"text-align: center;\">DGERT<\/h2>\n<p>[\/vc_column_text][\/vc_column][\/vc_row][vc_row][vc_column width=&#8221;1\/3&#8243;][vc_single_image image=&#8221;37572&#8243; alignment=&#8221;center&#8221;][vc_column_text]<\/p>\n<h2 style=\"text-align: center;\">Uni\u00e3o das Freguesias de Coronado<\/h2>\n<p>[\/vc_column_text][\/vc_column][vc_column width=&#8221;1\/3&#8243;][vc_single_image image=&#8221;37574&#8243; alignment=&#8221;center&#8221; onclick=&#8221;custom_link&#8221; img_link_target=&#8221;_blank&#8221; link=&#8221;http:\/\/clubefluvialvilacondense.pt\/&#8221;][vc_column_text]<\/p>\n<h2 style=\"text-align: center;\">Multicompet\u00eancias &#8211; Forma\u00e7\u00e3o e Consultoria<\/h2>\n<p>[\/vc_column_text][\/vc_column][vc_column width=&#8221;1\/3&#8243;][\/vc_column][\/vc_row]<\/p>\n","protected":false},"excerpt":{"rendered":"<p>[vc_row][vc_column width=&#8221;1\/3&#8243;][vc_single_image image=&#8221;35995&#8243; alignment=&#8221;center&#8221;][vc_column_text] Junta Freguesia de S. Mamede de Coronado [\/vc_column_text][\/vc_column][vc_column width=&#8221;1\/3&#8243;][vc_single_image image=&#8221;35999&#8243; alignment=&#8221;center&#8221; onclick=&#8221;custom_link&#8221; img_link_target=&#8221;_blank&#8221; link=&#8221;http:\/\/www.mun-trofa.pt\/&#8221;][vc_column_text] C\u00e2mara Municipal da Trofa [\/vc_column_text][\/vc_column][vc_column width=&#8221;1\/3&#8243;][vc_single_image image=&#8221;36529&#8243; alignment=&#8221;center&#8221;][vc_column_text] INOUTCISTER [\/vc_column_text][\/vc_column][\/vc_row][vc_row][vc_column width=&#8221;1\/3&#8243;][vc_single_image image=&#8221;35998&#8243; alignment=&#8221;center&#8221;][vc_column_text] Clube Fluvial Vilacondense [\/vc_column_text][\/vc_column][vc_column width=&#8221;1\/3&#8243;][vc_single_image image=&#8221;36004&#8243; alignment=&#8221;center&#8221; onclick=&#8221;custom_link&#8221; img_link_target=&#8221;_blank&#8221; link=&#8221;http:\/\/www.mun-trofa.pt\/&#8221;][vc_column_text] Tropa de Elite RDM \u2013 Rio Moinhos [\/vc_column_text][\/vc_column][vc_column width=&#8221;1\/3&#8243;][vc_single_image image=&#8221;35997&#8243; alignment=&#8221;center&#8221;][vc_column_text] APICAVE \u2013 Associa\u00e7\u00e3o&hellip;<\/p>\n","protected":false},"author":1,"featured_media":0,"parent":0,"menu_order":0,"comment_status":"closed","ping_status":"closed","template":"","meta":{"footnotes":""},"class_list":["post-36826","page","type-page","status-publish","hentry","description-off"],"aioseo_notices":[],"_links":{"self":[{"href":"https:\/\/apisantos.com\/en\/wp-json\/wp\/v2\/pages\/36826","targetHints":{"allow":["GET"]}}],"collection":[{"href":"https:\/\/apisantos.com\/en\/wp-json\/wp\/v2\/pages"}],"about":[{"href":"https:\/\/apisantos.com\/en\/wp-json\/wp\/v2\/types\/page"}],"author":[{"embeddable":true,"href":"https:\/\/apisantos.com\/en\/wp-json\/wp\/v2\/users\/1"}],"replies":[{"embeddable":true,"href":"https:\/\/apisantos.com\/en\/wp-json\/wp\/v2\/comments?post=36826"}],"version-history":[{"count":0,"href":"https:\/\/apisantos.com\/en\/wp-json\/wp\/v2\/pages\/36826\/revisions"}],"wp:attachment":[{"href":"https:\/\/apisantos.com\/en\/wp-json\/wp\/v2\/media?parent=36826"}],"curies":[{"name":"wp","href":"https:\/\/api.w.org\/{rel}","templated":true}]}}